{"id":1619,"date":"2019-03-26T16:57:32","date_gmt":"2019-03-26T07:57:32","guid":{"rendered":"https:\/\/musubinosato.jp\/?page_id=1619"},"modified":"2019-03-26T17:09:55","modified_gmt":"2019-03-26T08:09:55","slug":"activity","status":"publish","type":"page","link":"https:\/\/musubinosato.jp\/de\/activity\/","title":{"rendered":"Aktivit\u00e4ten"},"content":{"rendered":"<section id=\"builder-section-banner_11\" class=\"builder-section-first builder-section builder-section-banner builder-section-next-text\" style=\"background-size: cover; background-repeat: no-repeat;background-position: center center;\">\n<div class=\"builder-section-content\">\n<div class=\"builder-banner-slide content-position-none\" style=\"background-image: url(&#039;http:\/\/musubinosato.jp\/wp-content\/uploads\/2018\/10\/IMG_20180329_062608-e1540460978437.jpg&#039;);\">\n<div class=\"builder-banner-content\">\n<div class=\"builder-banner-inner-content\">\n\t\t\t\t\t\t\t\t\t<\/div>\n<\/p><\/div>\n<\/p><\/div>\n<\/p><\/div>\n<\/section>\n<section id=\"builder-section-text_175\" class=\"builder-section-prev-banner builder-section builder-section-text builder-section-last builder-text-columns-1\" style=\"background-size: cover; background-repeat: no-repeat;background-position: center center;\">\n<div class=\"builder-section-content\">\n<div class=\"builder-text-row\">\n<div class=\"builder-text-column builder-text-column-1\" id=\"builder-section-text_175-column-1\">\n<div class=\"builder-text-content\">\n<blockquote class=\"ttfmake-testimonial\">\n<p><strong>\u00a0 <span class=\"ttfmake-icon mceNonEditable fas\">\uf4ba<\/span> \u00dcber Aktivit\u00e4ten<\/strong><\/p>\n<\/blockquote>\n<p style=\"padding-left: 30px;\"><strong>1. Zusammenleben:<\/strong><\/p>\n<p style=\"padding-left: 60px;\">Wir verpflichten uns zu Aktivit\u00e4ten, die den \u00f6rtlichen Gegebenheiten des Landes und der Natur entsprechen, und zwar gemeinsam mit den Menschen, mit denen wir in Harmonie mit den hier von alterhers  verehrten Gottheiten zusammenleben.<\/p>\n<p style=\"padding-left: 30px;\"><strong>2. Ausweitung unserer Gemeinschaft:<\/strong><\/p>\n<p style=\"padding-left: 60px;\">Wir freuen uns \u00fcber Ihren Besuch, denn er ist f\u00fcr uns ein Zeichen f\u00fcr Ihre Bereitschaft, in symbiotischer Weise mit Menschen in Japan und im Ausland im Geiste von &#8222;Musubi&#8220; zusammenzuarbeiten, d.h. sich gegenseitig zu unterst\u00fctzen. Zus\u00e4tzlich m\u00f6chten wir enge Verbindungen zu anderen Gruppen mit \u00e4hnlichen Zielen kn\u00fcpfen, um ein weites Netzwerk von Freundschaften aufzubauen.<\/p>\n<p style=\"padding-left: 30px;\"><strong>3. Lebenshaltungskosten:<\/strong><\/p>\n<p style=\"padding-left: 60px;\">Unser Ziel ist die Selbstversorgung mittels folgender gewinnbringender Aktivit\u00e4ten.<\/p>\n<p style=\"padding-left: 90px;\"><strong>Hotelunterkunft \/ eigenes Catering<\/strong><\/p>\n<p style=\"padding-left: 90px;\">Unterbringung von bis zu 30 Personen<\/p>\n<p style=\"padding-left: 90px;\">Camping f\u00fcr bis zu 50 Personen<\/p>\n<p style=\"padding-left: 90px;\"><strong>\u00dcbungen und Trainingsprogramm<\/strong><\/p>\n<p style=\"padding-left: 90px;\">Eingew\u00f6hnung von Erwachsenen und Kindern an das gemeinsame Leben in der l\u00e4ndlichen Umgebung<\/p>\n<p style=\"padding-left: 90px;\">Einf\u00fchrungskurse &#8222;traditionelle japanische Kultur&#8220;, Unterweisung\/Training in Bushido und Shinto, Lehrg\u00e4nge f\u00fcr Selbstverteidigung, \u00dcberlebenstraining<br \/>\nKampfsporttraining, Kenntnisse\/Erfahrungen im landwirtschaftlichen Bereich<br \/>\nKampfkunsttraining nach Araya-Methoden, Endpr\u00fcfung<\/p>\n<p style=\"padding-left: 90px;\"><strong>Entsendung von Lehrern f\u00fcr o.a. Lehrg\u00e4nge und Trainingsarten, Leitern f\u00fcr Trainingscamps etc.<\/strong><\/p>\n<p style=\"padding-left: 90px;\"><strong>Vermietung von R\u00e4umen und Fl\u00e4chen<\/strong><\/p>\n<p style=\"padding-left: 90px;\">Fl\u00e4chen und Pl\u00e4tze f\u00fcr sportliche oder kulturelle Veranstaltungen (f\u00fcr bis zu 50 Personen)<br \/>\nBudo-Feld (70 Tatami), Bibliothek (ca. 90m2), &#8222;Saloon&#8220; (35 Tatami)<br \/>\nRestaurant (50 Sitze, Tatami 20 Sitze, Herd 10 Sitze)<br \/>\nGesamtfl\u00e4che f\u00fcr Au\u00dfenaktivit\u00e4ten ca. 3000 m2<\/p>\n<\/p><\/div>\n<\/p><\/div>\n<\/p><\/div>\n<div class=\"builder-text-row\">\n<div class=\"builder-text-column builder-text-column-2\" id=\"builder-section-text_175-column-1\">\n<div class=\"builder-text-content\">\n\t\t\t\t\t\t\t\t\t\t\t<\/div>\n<\/p><\/div>\n<\/p><\/div>\n<\/p><\/div>\n<\/section>\n","protected":false},"excerpt":{"rendered":"<p>\u00a0 \uf4ba \u00dcber Aktivit\u00e4ten 1. Zusammenleben: Wir verpflichten uns zu Aktivit\u00e4ten, die den \u00f6rtlichen Gegebenheiten des Landes und der Natur entsprechen, und zwar gemeinsam mit den Menschen, mit denen wir in Harmonie mit den hier von alterhers verehrten Gottheiten zusammenleben. 2. Ausweitung unserer Gemeinschaft: Wir freuen uns \u00fcber Ihren Besuch, denn er ist f\u00fcr uns &hellip;<\/p>\n","protected":false},"author":2,"featured_media":0,"parent":0,"menu_order":0,"comment_status":"closed","ping_status":"closed","template":"template-builder.php","meta":{"_locale":"de_DE","_original_post":"446"},"yoast_head":"<!-- This site is optimized with the Yoast SEO plugin v20.10 - https:\/\/yoast.com\/wordpress\/plugins\/seo\/ -->\n<title>Aktivit\u00e4ten - \u718a\u91ce\u98db\u9ce5\u3080\u3059\u3073\u306e\u91cc<\/title>\n<meta name=\"robots\" content=\"index, follow, max-snippet:-1, max-image-preview:large, max-video-preview:-1\" \/>\n<link rel=\"canonical\" href=\"https:\/\/musubinosato.jp\/de\/activity\/\" \/>\n<meta property=\"og:locale\" content=\"de_DE\" \/>\n<meta property=\"og:type\" content=\"article\" \/>\n<meta property=\"og:title\" content=\"Aktivit\u00e4ten - \u718a\u91ce\u98db\u9ce5\u3080\u3059\u3073\u306e\u91cc\" \/>\n<meta property=\"og:description\" content=\"\u00a0 \uf4ba \u00dcber Aktivit\u00e4ten 1. Zusammenleben: Wir verpflichten uns zu Aktivit\u00e4ten, die den \u00f6rtlichen Gegebenheiten des Landes und der Natur entsprechen, und zwar gemeinsam mit den Menschen, mit denen wir in Harmonie mit den hier von alterhers verehrten Gottheiten zusammenleben. 2. Ausweitung unserer Gemeinschaft: Wir freuen uns \u00fcber Ihren Besuch, denn er ist f\u00fcr uns &hellip;\" \/>\n<meta property=\"og:url\" content=\"https:\/\/musubinosato.jp\/de\/activity\/\" \/>\n<meta property=\"og:site_name\" content=\"\u718a\u91ce\u98db\u9ce5\u3080\u3059\u3073\u306e\u91cc\" \/>\n<meta property=\"article:publisher\" content=\"https:\/\/facebook.com\/musubinosato\" \/>\n<meta property=\"article:modified_time\" content=\"2019-03-26T08:09:55+00:00\" \/>\n<meta name=\"twitter:card\" content=\"summary_large_image\" \/>\n<meta name=\"twitter:site\" content=\"@musubinosato\" \/>\n<meta name=\"twitter:label1\" content=\"Gesch\u00e4tzte Lesezeit\" \/>\n\t<meta name=\"twitter:data1\" content=\"1\u00a0Minute\" \/>\n<script type=\"application\/ld+json\" class=\"yoast-schema-graph\">{\"@context\":\"https:\/\/schema.org\",\"@graph\":[{\"@type\":\"WebPage\",\"@id\":\"https:\/\/musubinosato.jp\/de\/activity\/\",\"url\":\"https:\/\/musubinosato.jp\/de\/activity\/\",\"name\":\"Aktivit\u00e4ten - \u718a\u91ce\u98db\u9ce5\u3080\u3059\u3073\u306e\u91cc\",\"isPartOf\":{\"@id\":\"https:\/\/musubinosato.jp\/ru\/#website\"},\"datePublished\":\"2019-03-26T07:57:32+00:00\",\"dateModified\":\"2019-03-26T08:09:55+00:00\",\"breadcrumb\":{\"@id\":\"https:\/\/musubinosato.jp\/de\/activity\/#breadcrumb\"},\"inLanguage\":\"de\",\"potentialAction\":[{\"@type\":\"ReadAction\",\"target\":[\"https:\/\/musubinosato.jp\/de\/activity\/\"]}]},{\"@type\":\"BreadcrumbList\",\"@id\":\"https:\/\/musubinosato.jp\/de\/activity\/#breadcrumb\",\"itemListElement\":[{\"@type\":\"ListItem\",\"position\":1,\"name\":\"\u30db\u30fc\u30e0\",\"item\":\"https:\/\/musubinosato.jp\/de\/\"},{\"@type\":\"ListItem\",\"position\":2,\"name\":\"Aktivit\u00e4ten\"}]},{\"@type\":\"WebSite\",\"@id\":\"https:\/\/musubinosato.jp\/ru\/#website\",\"url\":\"https:\/\/musubinosato.jp\/ru\/\",\"name\":\"\u718a\u91ce\u98db\u9ce5-\u3080\u3059\u3073\u306e\u91cc\",\"description\":\"\u56fd\u969b\u5171\u751f\u5275\u6210\u5354\u4f1a\",\"publisher\":{\"@id\":\"https:\/\/musubinosato.jp\/ru\/#organization\"},\"potentialAction\":[{\"@type\":\"SearchAction\",\"target\":{\"@type\":\"EntryPoint\",\"urlTemplate\":\"https:\/\/musubinosato.jp\/ru\/?s={search_term_string}\"},\"query-input\":\"required name=search_term_string\"}],\"inLanguage\":\"de\"},{\"@type\":\"Organization\",\"@id\":\"https:\/\/musubinosato.jp\/ru\/#organization\",\"name\":\"\u56fd\u969b\u5171\u751f\u5275\u6210\u5354\u4f1a\u3000\u718a\u91ce\u98db\u9ce5\u3080\u3059\u3073\u306e\u91cc\",\"url\":\"https:\/\/musubinosato.jp\/ru\/\",\"logo\":{\"@type\":\"ImageObject\",\"inLanguage\":\"de\",\"@id\":\"https:\/\/musubinosato.jp\/ru\/#\/schema\/logo\/image\/\",\"url\":\"https:\/\/i0.wp.com\/musubinosato.jp\/wp-content\/uploads\/2018\/10\/kumano2-1.png?fit=960%2C206&ssl=1\",\"contentUrl\":\"https:\/\/i0.wp.com\/musubinosato.jp\/wp-content\/uploads\/2018\/10\/kumano2-1.png?fit=960%2C206&ssl=1\",\"width\":960,\"height\":206,\"caption\":\"\u56fd\u969b\u5171\u751f\u5275\u6210\u5354\u4f1a\u3000\u718a\u91ce\u98db\u9ce5\u3080\u3059\u3073\u306e\u91cc\"},\"image\":{\"@id\":\"https:\/\/musubinosato.jp\/ru\/#\/schema\/logo\/image\/\"},\"sameAs\":[\"https:\/\/facebook.com\/musubinosato\",\"https:\/\/twitter.com\/musubinosato\"]}]}<\/script>\n<!-- \/ Yoast SEO plugin. -->","yoast_head_json":{"title":"Aktivit\u00e4ten - \u718a\u91ce\u98db\u9ce5\u3080\u3059\u3073\u306e\u91cc","robots":{"index":"index","follow":"follow","max-snippet":"max-snippet:-1","max-image-preview":"max-image-preview:large","max-video-preview":"max-video-preview:-1"},"canonical":"https:\/\/musubinosato.jp\/de\/activity\/","og_locale":"de_DE","og_type":"article","og_title":"Aktivit\u00e4ten - \u718a\u91ce\u98db\u9ce5\u3080\u3059\u3073\u306e\u91cc","og_description":"\u00a0 \uf4ba \u00dcber Aktivit\u00e4ten 1. Zusammenleben: Wir verpflichten uns zu Aktivit\u00e4ten, die den \u00f6rtlichen Gegebenheiten des Landes und der Natur entsprechen, und zwar gemeinsam mit den Menschen, mit denen wir in Harmonie mit den hier von alterhers verehrten Gottheiten zusammenleben. 2. Ausweitung unserer Gemeinschaft: Wir freuen uns \u00fcber Ihren Besuch, denn er ist f\u00fcr uns &hellip;","og_url":"https:\/\/musubinosato.jp\/de\/activity\/","og_site_name":"\u718a\u91ce\u98db\u9ce5\u3080\u3059\u3073\u306e\u91cc","article_publisher":"https:\/\/facebook.com\/musubinosato","article_modified_time":"2019-03-26T08:09:55+00:00","twitter_card":"summary_large_image","twitter_site":"@musubinosato","twitter_misc":{"Gesch\u00e4tzte Lesezeit":"1\u00a0Minute"},"schema":{"@context":"https:\/\/schema.org","@graph":[{"@type":"WebPage","@id":"https:\/\/musubinosato.jp\/de\/activity\/","url":"https:\/\/musubinosato.jp\/de\/activity\/","name":"Aktivit\u00e4ten - \u718a\u91ce\u98db\u9ce5\u3080\u3059\u3073\u306e\u91cc","isPartOf":{"@id":"https:\/\/musubinosato.jp\/ru\/#website"},"datePublished":"2019-03-26T07:57:32+00:00","dateModified":"2019-03-26T08:09:55+00:00","breadcrumb":{"@id":"https:\/\/musubinosato.jp\/de\/activity\/#breadcrumb"},"inLanguage":"de","potentialAction":[{"@type":"ReadAction","target":["https:\/\/musubinosato.jp\/de\/activity\/"]}]},{"@type":"BreadcrumbList","@id":"https:\/\/musubinosato.jp\/de\/activity\/#breadcrumb","itemListElement":[{"@type":"ListItem","position":1,"name":"\u30db\u30fc\u30e0","item":"https:\/\/musubinosato.jp\/de\/"},{"@type":"ListItem","position":2,"name":"Aktivit\u00e4ten"}]},{"@type":"WebSite","@id":"https:\/\/musubinosato.jp\/ru\/#website","url":"https:\/\/musubinosato.jp\/ru\/","name":"\u718a\u91ce\u98db\u9ce5-\u3080\u3059\u3073\u306e\u91cc","description":"\u56fd\u969b\u5171\u751f\u5275\u6210\u5354\u4f1a","publisher":{"@id":"https:\/\/musubinosato.jp\/ru\/#organization"},"potentialAction":[{"@type":"SearchAction","target":{"@type":"EntryPoint","urlTemplate":"https:\/\/musubinosato.jp\/ru\/?s={search_term_string}"},"query-input":"required name=search_term_string"}],"inLanguage":"de"},{"@type":"Organization","@id":"https:\/\/musubinosato.jp\/ru\/#organization","name":"\u56fd\u969b\u5171\u751f\u5275\u6210\u5354\u4f1a\u3000\u718a\u91ce\u98db\u9ce5\u3080\u3059\u3073\u306e\u91cc","url":"https:\/\/musubinosato.jp\/ru\/","logo":{"@type":"ImageObject","inLanguage":"de","@id":"https:\/\/musubinosato.jp\/ru\/#\/schema\/logo\/image\/","url":"https:\/\/i0.wp.com\/musubinosato.jp\/wp-content\/uploads\/2018\/10\/kumano2-1.png?fit=960%2C206&ssl=1","contentUrl":"https:\/\/i0.wp.com\/musubinosato.jp\/wp-content\/uploads\/2018\/10\/kumano2-1.png?fit=960%2C206&ssl=1","width":960,"height":206,"caption":"\u56fd\u969b\u5171\u751f\u5275\u6210\u5354\u4f1a\u3000\u718a\u91ce\u98db\u9ce5\u3080\u3059\u3073\u306e\u91cc"},"image":{"@id":"https:\/\/musubinosato.jp\/ru\/#\/schema\/logo\/image\/"},"sameAs":["https:\/\/facebook.com\/musubinosato","https:\/\/twitter.com\/musubinosato"]}]}},"jetpack_shortlink":"https:\/\/wp.me\/Pasgmn-q7","jetpack_sharing_enabled":true,"_links":{"self":[{"href":"https:\/\/musubinosato.jp\/wp-json\/wp\/v2\/pages\/1619"}],"collection":[{"href":"https:\/\/musubinosato.jp\/wp-json\/wp\/v2\/pages"}],"about":[{"href":"https:\/\/musubinosato.jp\/wp-json\/wp\/v2\/types\/page"}],"author":[{"embeddable":true,"href":"https:\/\/musubinosato.jp\/wp-json\/wp\/v2\/users\/2"}],"replies":[{"embeddable":true,"href":"https:\/\/musubinosato.jp\/wp-json\/wp\/v2\/comments?post=1619"}],"version-history":[{"count":2,"href":"https:\/\/musubinosato.jp\/wp-json\/wp\/v2\/pages\/1619\/revisions"}],"predecessor-version":[{"id":1626,"href":"https:\/\/musubinosato.jp\/wp-json\/wp\/v2\/pages\/1619\/revisions\/1626"}],"wp:attachment":[{"href":"https:\/\/musubinosato.jp\/wp-json\/wp\/v2\/media?parent=1619"}],"curies":[{"name":"wp","href":"https:\/\/api.w.org\/{rel}","templated":true}]}}