{"id":1615,"date":"2019-03-26T16:24:10","date_gmt":"2019-03-26T07:24:10","guid":{"rendered":"https:\/\/musubinosato.jp\/?page_id=1615"},"modified":"2019-03-26T16:24:10","modified_gmt":"2019-03-26T07:24:10","slug":"friend","status":"publish","type":"page","link":"https:\/\/musubinosato.jp\/de\/friend\/","title":{"rendered":"Freunde"},"content":{"rendered":"<section id=\"builder-section-banner_11\" class=\"builder-section-first builder-section builder-section-banner builder-section-next-text\" style=\"background-size: cover; background-repeat: no-repeat;background-position: center center;\">\n<div class=\"builder-section-content\">\n<div class=\"builder-banner-slide content-position-none\" style=\"background-image: url(&#039;http:\/\/musubinosato.jp\/wp-content\/uploads\/2018\/12\/IMG_5935-1-e1544183308961.jpg&#039;);\">\n<div class=\"builder-banner-content\">\n<div class=\"builder-banner-inner-content\">\n\t\t\t\t\t\t\t\t\t<\/div>\n<\/p><\/div>\n<\/p><\/div>\n<\/p><\/div>\n<\/section>\n<section id=\"builder-section-text_175\" class=\"builder-section-prev-banner builder-section builder-section-text builder-section-last builder-text-columns-1\" style=\"background-size: cover; background-repeat: no-repeat;background-position: center center;\">\n<div class=\"builder-section-content\">\n<div class=\"builder-text-row\">\n<div class=\"builder-text-column builder-text-column-1\" id=\"builder-section-text_175-column-1\">\n<div class=\"builder-text-content\">\n<blockquote class=\"ttfmake-testimonial\">\n<p><strong>\u00a0<span class=\"ttfmake-icon mceNonEditable fas\">\uf520<\/span> \u00dcber Freunde<\/strong><\/p>\n<p class=\"sub\">Ihr Besuch ist uns willkommen, denn er ist f\u00fcr uns ein Zeichen f\u00fcr Ihre Bereitschaft, in einer Symbiose mit Menschen in Japan und im Ausland im Geiste von &#8222;Musubi&#8220; zusammenzuarbeiten, d.h. sich gegenseitig zu unterst\u00fctzen. Zus\u00e4tzlich m\u00f6chten wir enge Verbindungen zu anderen Gruppen mit \u00e4hnlichen Zielen kn\u00fcpfen, um ein weites Netzwerk von Freundschaften aufzubauen.<\/p>\n<\/blockquote>\n<p><strong><big>Freundschaften der Art:<\/big><\/strong><br \/>\n&#8211; Typ Familie: familien\u00e4hnliches Zusammenleben in in Kozaka Asuka-Cho Kumano City.<br \/>\n&#8211; Typ Verwandte:  gelegentliche Besuche in Kozaka Asuka-cho Kumano City.<br \/>\n&#8211; Typ Kameradschaften: Einzelpersonen oder Gruppen, die einander helfen von ihrem jeweiligen Standort aus<\/p>\n<\/p><\/div>\n<\/p><\/div>\n<\/p><\/div>\n<\/p><\/div>\n<\/section>\n","protected":false},"excerpt":{"rendered":"<p>\u00a0\uf520 \u00dcber Freunde Ihr Besuch ist uns willkommen, denn er ist f\u00fcr uns ein Zeichen f\u00fcr Ihre Bereitschaft, in einer Symbiose mit Menschen in Japan und im Ausland im Geiste von &#8222;Musubi&#8220; zusammenzuarbeiten, d.h. sich gegenseitig zu unterst\u00fctzen. Zus\u00e4tzlich m\u00f6chten wir enge Verbindungen zu anderen Gruppen mit \u00e4hnlichen Zielen kn\u00fcpfen, um ein weites Netzwerk von &hellip;<\/p>\n","protected":false},"author":2,"featured_media":0,"parent":0,"menu_order":0,"comment_status":"closed","ping_status":"closed","template":"template-builder.php","meta":{"_locale":"de_DE","_original_post":"109"},"yoast_head":"<!-- This site is optimized with the Yoast SEO plugin v20.10 - https:\/\/yoast.com\/wordpress\/plugins\/seo\/ -->\n<title>Freunde - \u718a\u91ce\u98db\u9ce5\u3080\u3059\u3073\u306e\u91cc<\/title>\n<meta name=\"robots\" content=\"index, follow, max-snippet:-1, max-image-preview:large, max-video-preview:-1\" \/>\n<link rel=\"canonical\" href=\"https:\/\/musubinosato.jp\/de\/friend\/\" \/>\n<meta property=\"og:locale\" content=\"de_DE\" \/>\n<meta property=\"og:type\" content=\"article\" \/>\n<meta property=\"og:title\" content=\"Freunde - \u718a\u91ce\u98db\u9ce5\u3080\u3059\u3073\u306e\u91cc\" \/>\n<meta property=\"og:description\" content=\"\u00a0\uf520 \u00dcber Freunde Ihr Besuch ist uns willkommen, denn er ist f\u00fcr uns ein Zeichen f\u00fcr Ihre Bereitschaft, in einer Symbiose mit Menschen in Japan und im Ausland im Geiste von &#8222;Musubi&#8220; zusammenzuarbeiten, d.h. sich gegenseitig zu unterst\u00fctzen. Zus\u00e4tzlich m\u00f6chten wir enge Verbindungen zu anderen Gruppen mit \u00e4hnlichen Zielen kn\u00fcpfen, um ein weites Netzwerk von &hellip;\" \/>\n<meta property=\"og:url\" content=\"https:\/\/musubinosato.jp\/de\/friend\/\" \/>\n<meta property=\"og:site_name\" content=\"\u718a\u91ce\u98db\u9ce5\u3080\u3059\u3073\u306e\u91cc\" \/>\n<meta property=\"article:publisher\" content=\"https:\/\/facebook.com\/musubinosato\" \/>\n<meta name=\"twitter:card\" content=\"summary_large_image\" \/>\n<meta name=\"twitter:site\" content=\"@musubinosato\" \/>\n<meta name=\"twitter:label1\" content=\"Gesch\u00e4tzte Lesezeit\" \/>\n\t<meta name=\"twitter:data1\" content=\"1\u00a0Minute\" \/>\n<script type=\"application\/ld+json\" class=\"yoast-schema-graph\">{\"@context\":\"https:\/\/schema.org\",\"@graph\":[{\"@type\":\"WebPage\",\"@id\":\"https:\/\/musubinosato.jp\/de\/friend\/\",\"url\":\"https:\/\/musubinosato.jp\/de\/friend\/\",\"name\":\"Freunde - \u718a\u91ce\u98db\u9ce5\u3080\u3059\u3073\u306e\u91cc\",\"isPartOf\":{\"@id\":\"https:\/\/musubinosato.jp\/ru\/#website\"},\"datePublished\":\"2019-03-26T07:24:10+00:00\",\"dateModified\":\"2019-03-26T07:24:10+00:00\",\"breadcrumb\":{\"@id\":\"https:\/\/musubinosato.jp\/de\/friend\/#breadcrumb\"},\"inLanguage\":\"de\",\"potentialAction\":[{\"@type\":\"ReadAction\",\"target\":[\"https:\/\/musubinosato.jp\/de\/friend\/\"]}]},{\"@type\":\"BreadcrumbList\",\"@id\":\"https:\/\/musubinosato.jp\/de\/friend\/#breadcrumb\",\"itemListElement\":[{\"@type\":\"ListItem\",\"position\":1,\"name\":\"\u30db\u30fc\u30e0\",\"item\":\"https:\/\/musubinosato.jp\/de\/\"},{\"@type\":\"ListItem\",\"position\":2,\"name\":\"Freunde\"}]},{\"@type\":\"WebSite\",\"@id\":\"https:\/\/musubinosato.jp\/ru\/#website\",\"url\":\"https:\/\/musubinosato.jp\/ru\/\",\"name\":\"\u718a\u91ce\u98db\u9ce5-\u3080\u3059\u3073\u306e\u91cc\",\"description\":\"\u56fd\u969b\u5171\u751f\u5275\u6210\u5354\u4f1a\",\"publisher\":{\"@id\":\"https:\/\/musubinosato.jp\/ru\/#organization\"},\"potentialAction\":[{\"@type\":\"SearchAction\",\"target\":{\"@type\":\"EntryPoint\",\"urlTemplate\":\"https:\/\/musubinosato.jp\/ru\/?s={search_term_string}\"},\"query-input\":\"required name=search_term_string\"}],\"inLanguage\":\"de\"},{\"@type\":\"Organization\",\"@id\":\"https:\/\/musubinosato.jp\/ru\/#organization\",\"name\":\"\u56fd\u969b\u5171\u751f\u5275\u6210\u5354\u4f1a\u3000\u718a\u91ce\u98db\u9ce5\u3080\u3059\u3073\u306e\u91cc\",\"url\":\"https:\/\/musubinosato.jp\/ru\/\",\"logo\":{\"@type\":\"ImageObject\",\"inLanguage\":\"de\",\"@id\":\"https:\/\/musubinosato.jp\/ru\/#\/schema\/logo\/image\/\",\"url\":\"https:\/\/i0.wp.com\/musubinosato.jp\/wp-content\/uploads\/2018\/10\/kumano2-1.png?fit=960%2C206&ssl=1\",\"contentUrl\":\"https:\/\/i0.wp.com\/musubinosato.jp\/wp-content\/uploads\/2018\/10\/kumano2-1.png?fit=960%2C206&ssl=1\",\"width\":960,\"height\":206,\"caption\":\"\u56fd\u969b\u5171\u751f\u5275\u6210\u5354\u4f1a\u3000\u718a\u91ce\u98db\u9ce5\u3080\u3059\u3073\u306e\u91cc\"},\"image\":{\"@id\":\"https:\/\/musubinosato.jp\/ru\/#\/schema\/logo\/image\/\"},\"sameAs\":[\"https:\/\/facebook.com\/musubinosato\",\"https:\/\/twitter.com\/musubinosato\"]}]}<\/script>\n<!-- \/ Yoast SEO plugin. -->","yoast_head_json":{"title":"Freunde - \u718a\u91ce\u98db\u9ce5\u3080\u3059\u3073\u306e\u91cc","robots":{"index":"index","follow":"follow","max-snippet":"max-snippet:-1","max-image-preview":"max-image-preview:large","max-video-preview":"max-video-preview:-1"},"canonical":"https:\/\/musubinosato.jp\/de\/friend\/","og_locale":"de_DE","og_type":"article","og_title":"Freunde - \u718a\u91ce\u98db\u9ce5\u3080\u3059\u3073\u306e\u91cc","og_description":"\u00a0\uf520 \u00dcber Freunde Ihr Besuch ist uns willkommen, denn er ist f\u00fcr uns ein Zeichen f\u00fcr Ihre Bereitschaft, in einer Symbiose mit Menschen in Japan und im Ausland im Geiste von &#8222;Musubi&#8220; zusammenzuarbeiten, d.h. sich gegenseitig zu unterst\u00fctzen. Zus\u00e4tzlich m\u00f6chten wir enge Verbindungen zu anderen Gruppen mit \u00e4hnlichen Zielen kn\u00fcpfen, um ein weites Netzwerk von &hellip;","og_url":"https:\/\/musubinosato.jp\/de\/friend\/","og_site_name":"\u718a\u91ce\u98db\u9ce5\u3080\u3059\u3073\u306e\u91cc","article_publisher":"https:\/\/facebook.com\/musubinosato","twitter_card":"summary_large_image","twitter_site":"@musubinosato","twitter_misc":{"Gesch\u00e4tzte Lesezeit":"1\u00a0Minute"},"schema":{"@context":"https:\/\/schema.org","@graph":[{"@type":"WebPage","@id":"https:\/\/musubinosato.jp\/de\/friend\/","url":"https:\/\/musubinosato.jp\/de\/friend\/","name":"Freunde - \u718a\u91ce\u98db\u9ce5\u3080\u3059\u3073\u306e\u91cc","isPartOf":{"@id":"https:\/\/musubinosato.jp\/ru\/#website"},"datePublished":"2019-03-26T07:24:10+00:00","dateModified":"2019-03-26T07:24:10+00:00","breadcrumb":{"@id":"https:\/\/musubinosato.jp\/de\/friend\/#breadcrumb"},"inLanguage":"de","potentialAction":[{"@type":"ReadAction","target":["https:\/\/musubinosato.jp\/de\/friend\/"]}]},{"@type":"BreadcrumbList","@id":"https:\/\/musubinosato.jp\/de\/friend\/#breadcrumb","itemListElement":[{"@type":"ListItem","position":1,"name":"\u30db\u30fc\u30e0","item":"https:\/\/musubinosato.jp\/de\/"},{"@type":"ListItem","position":2,"name":"Freunde"}]},{"@type":"WebSite","@id":"https:\/\/musubinosato.jp\/ru\/#website","url":"https:\/\/musubinosato.jp\/ru\/","name":"\u718a\u91ce\u98db\u9ce5-\u3080\u3059\u3073\u306e\u91cc","description":"\u56fd\u969b\u5171\u751f\u5275\u6210\u5354\u4f1a","publisher":{"@id":"https:\/\/musubinosato.jp\/ru\/#organization"},"potentialAction":[{"@type":"SearchAction","target":{"@type":"EntryPoint","urlTemplate":"https:\/\/musubinosato.jp\/ru\/?s={search_term_string}"},"query-input":"required name=search_term_string"}],"inLanguage":"de"},{"@type":"Organization","@id":"https:\/\/musubinosato.jp\/ru\/#organization","name":"\u56fd\u969b\u5171\u751f\u5275\u6210\u5354\u4f1a\u3000\u718a\u91ce\u98db\u9ce5\u3080\u3059\u3073\u306e\u91cc","url":"https:\/\/musubinosato.jp\/ru\/","logo":{"@type":"ImageObject","inLanguage":"de","@id":"https:\/\/musubinosato.jp\/ru\/#\/schema\/logo\/image\/","url":"https:\/\/i0.wp.com\/musubinosato.jp\/wp-content\/uploads\/2018\/10\/kumano2-1.png?fit=960%2C206&ssl=1","contentUrl":"https:\/\/i0.wp.com\/musubinosato.jp\/wp-content\/uploads\/2018\/10\/kumano2-1.png?fit=960%2C206&ssl=1","width":960,"height":206,"caption":"\u56fd\u969b\u5171\u751f\u5275\u6210\u5354\u4f1a\u3000\u718a\u91ce\u98db\u9ce5\u3080\u3059\u3073\u306e\u91cc"},"image":{"@id":"https:\/\/musubinosato.jp\/ru\/#\/schema\/logo\/image\/"},"sameAs":["https:\/\/facebook.com\/musubinosato","https:\/\/twitter.com\/musubinosato"]}]}},"jetpack_shortlink":"https:\/\/wp.me\/Pasgmn-q3","jetpack_sharing_enabled":true,"_links":{"self":[{"href":"https:\/\/musubinosato.jp\/wp-json\/wp\/v2\/pages\/1615"}],"collection":[{"href":"https:\/\/musubinosato.jp\/wp-json\/wp\/v2\/pages"}],"about":[{"href":"https:\/\/musubinosato.jp\/wp-json\/wp\/v2\/types\/page"}],"author":[{"embeddable":true,"href":"https:\/\/musubinosato.jp\/wp-json\/wp\/v2\/users\/2"}],"replies":[{"embeddable":true,"href":"https:\/\/musubinosato.jp\/wp-json\/wp\/v2\/comments?post=1615"}],"version-history":[{"count":3,"href":"https:\/\/musubinosato.jp\/wp-json\/wp\/v2\/pages\/1615\/revisions"}],"predecessor-version":[{"id":1618,"href":"https:\/\/musubinosato.jp\/wp-json\/wp\/v2\/pages\/1615\/revisions\/1618"}],"wp:attachment":[{"href":"https:\/\/musubinosato.jp\/wp-json\/wp\/v2\/media?parent=1615"}],"curies":[{"name":"wp","href":"https:\/\/api.w.org\/{rel}","templated":true}]}}