{"id":1612,"date":"2019-03-26T16:16:26","date_gmt":"2019-03-26T07:16:26","guid":{"rendered":"https:\/\/musubinosato.jp\/?page_id=1612"},"modified":"2019-04-08T07:49:14","modified_gmt":"2019-04-07T22:49:14","slug":"oyaji","status":"publish","type":"page","link":"https:\/\/musubinosato.jp\/de\/oyaji\/","title":{"rendered":"Der Gr\u00fcnder"},"content":{"rendered":"<section id=\"builder-section-banner_52\" class=\"builder-section-first builder-section builder-section-banner builder-section-next-text\" style=\"background-size: cover; background-repeat: no-repeat;background-position: center center;\">\n<div class=\"builder-section-content\">\n<div class=\"builder-banner-slide content-position-none\" style=\"background-image: url(&#039;http:\/\/musubinosato.jp\/wp-content\/uploads\/2018\/12\/KUMANO_4NOV2018-2728-e1544183890919.jpg&#039;);\">\n<div class=\"builder-banner-content\">\n<div class=\"builder-banner-inner-content\">\n\t\t\t\t\t\t\t\t\t<\/div>\n<\/p><\/div>\n<\/p><\/div>\n<\/p><\/div>\n<\/section>\n<section id=\"builder-section-text_86\" class=\"builder-section-prev-banner builder-section builder-section-text builder-section-next-text builder-text-columns-1\" style=\"background-size: cover; background-repeat: no-repeat;background-position: center center;\">\n<div class=\"builder-section-content\">\n<div class=\"builder-text-row\">\n<div class=\"builder-text-column builder-text-column-1\" id=\"builder-section-text_86-column-1\">\n<div class=\"builder-text-content\">\n<blockquote class=\"ttfmake-testimonial\">\n<p><strong>\u00a0 <span class=\"ttfmake-icon mceNonEditable fas\">\uf4fa<\/span>\u00a0Der Gr\u00fcnder \u201eOyaji\u201c<\/strong><\/p>\n<\/blockquote><\/div>\n<\/p><\/div>\n<\/p><\/div>\n<\/p><\/div>\n<\/section>\n<section id=\"builder-section-text_66\" class=\"builder-section-prev-text builder-section builder-section-text builder-section-next-text builder-text-columns-2\" style=\"background-size: cover; background-repeat: no-repeat;background-position: center center;\">\n<div class=\"builder-section-content\">\n<div class=\"builder-text-row\">\n<div class=\"builder-text-column builder-text-column-1\" id=\"builder-section-text_66-column-1\">\n<div class=\"builder-text-content\">\n<p><a href=\"https:\/\/i0.wp.com\/musubinosato.jp\/wp-content\/uploads\/2018\/12\/L1002729-e1544356097908.jpg\"><img decoding=\"async\" loading=\"lazy\" class=\"alignnone size-large wp-image-839\" src=\"https:\/\/i0.wp.com\/musubinosato.jp\/wp-content\/uploads\/2018\/12\/L1002729.jpg?resize=683%2C1024\" alt=\"\" width=\"683\" height=\"1024\" data-recalc-dims=\"1\" \/><\/a><\/p>\n<\/p><\/div>\n<\/p><\/div>\n<div class=\"builder-text-column builder-text-column-2\" id=\"builder-section-text_66-column-2\">\n<div class=\"builder-text-content\">\n<p><strong><big>Offizieller Repr\u00e4sentant\/Leiter der Gruppe:<\/big><\/strong><\/p>\n<p><strong>Takashi Araya &#8211; offizieller Titel: &#8222;Oyaji&#8220; (gro\u00dfer Kumpel, Kamerad)<\/strong><\/p>\n<p>Biographie:<br \/>\nGeboren 1959 in der Pr\u00e4fektur Akita.<br \/>\n1978: Abschlu\u00df Ingenieurstudium a.d. Naturwissenschaftl. Universit\u00e4t Tokio. Eintritt als Offiziersanw\u00e4rter in die japanische Armee (Bodenstreitkr\u00e4fte)<br \/>\nMilit\u00e4rische Laufbahn: 19. Infanterie-Regiment (Fukuoka) 1. Luftlandedivision \/ 39. Infanterie-Regiment (Hirosaki) \/  Kommandant Bodenpersonal \/ Stabsb\u00fcro Verteidigung \/ Forschungsstab f\u00fcr Verteidigungspolitik und Divisions-strategien \/  Stabsquartier &#8222;Forschung&#8220;.<br \/>\nStudium an der Bundeswehrhochschule in Hamburg und an der US-Special Operation School (Schulung von Spezialeinsatzkr\u00e4ften). 2008 Ausscheiden aus der Armee \/ Dienstgrad: Oberst.<br \/>\nSeptember 2009 &#8211; Oktober 2018: Leiter der Meiji Jungu Shiseikan-Kampfschule<br \/>\nNovember 2018: Gr\u00fcndung der Gemeinschaft &#8222;Musubi no Sato&#8220; in Asuka Cho Kumano City, Pr\u00e4fektur Mie<\/p>\n<p>Autor dreier Schriften: &#8222;An die K\u00e4mpfenden&#8220; (Namiki Shobo) \/ &#8222;Unersch\u00fctterliche Kraft&#8220; (Mikasa Shobo) \/ &#8222;Wiederbelebung des Samuraigeistes&#8220; (Namiki Shobo)<\/p>\n<\/p><\/div>\n<\/p><\/div>\n<\/p><\/div>\n<\/p><\/div>\n<\/section>\n<section id=\"builder-section-text_100\" class=\"builder-section-prev-text builder-section builder-section-text builder-section-next-text builder-text-columns-3\" style=\"background-size: cover; background-repeat: no-repeat;background-position: center center;\">\n<div class=\"builder-section-content\">\n<div class=\"builder-text-row\">\n<div class=\"builder-text-column builder-text-column-1\" id=\"builder-section-text_100-column-1\">\n<div class=\"builder-text-content\">\n<p><a href=\"https:\/\/hb.afl.rakuten.co.jp\/hgc\/13d2403c.6b764d3f.13d2403d.f011e704\/?pc=https%3A%2F%2Fitem.rakuten.co.jp%2Fbook%2F15802755%2F&#038;m=http%3A%2F%2Fm.rakuten.co.jp%2Fbook%2Fi%2F19502971%2F&#038;link_type=pict&#038;ut=eyJwYWdlIjoiaXRlbSIsInR5cGUiOiJwaWN0Iiwic2l6ZSI6IjMwMHgzMDAiLCJuYW0iOjEsIm5hbXAiOiJyaWdodCIsImNvbSI6MSwiY29tcCI6ImRvd24iLCJwcmljZSI6MSwiYm9yIjoxLCJjb2wiOjEsImJidG4iOjF9\" target=\"_blank\" rel=\"nofollow noopener noreferrer\" style=\"word-wrap:break-word;\"  ><img decoding=\"async\" src=\"https:\/\/hbb.afl.rakuten.co.jp\/hgb\/13d2403c.6b764d3f.13d2403d.f011e704\/?me_id=1213310&#038;item_id=19502971&#038;m=https%3A%2F%2Fthumbnail.image.rakuten.co.jp%2F%400_mall%2Fbook%2Fcabinet%2F3838%2F9784890633838.jpg%3F_ex%3D80x80&#038;pc=https%3A%2F%2Fthumbnail.image.rakuten.co.jp%2F%400_mall%2Fbook%2Fcabinet%2F3838%2F9784890633838.jpg%3F_ex%3D300x300&#038;s=300x300&#038;t=pict\" border=\"0\" style=\"margin:2px\" alt=\"\" title=\"\"><\/a><\/p>\n<\/p><\/div>\n<\/p><\/div>\n<div class=\"builder-text-column builder-text-column-2\" id=\"builder-section-text_100-column-2\">\n<div class=\"builder-text-content\">\n<p><a style=\"word-wrap: break-word;\" href=\"https:\/\/hb.afl.rakuten.co.jp\/hgc\/13d2403c.6b764d3f.13d2403d.f011e704\/?pc=https%3A%2F%2Fitem.rakuten.co.jp%2Fbook%2F15621849%2F&amp;m=http%3A%2F%2Fm.rakuten.co.jp%2Fbook%2Fi%2F19311962%2F&amp;link_type=pict&amp;ut=eyJwYWdlIjoiaXRlbSIsInR5cGUiOiJwaWN0Iiwic2l6ZSI6IjMwMHgzMDAiLCJuYW0iOjEsIm5hbXAiOiJyaWdodCIsImNvbSI6MSwiY29tcCI6ImRvd24iLCJwcmljZSI6MSwiYm9yIjoxLCJjb2wiOjEsImJidG4iOjF9\" target=\"_blank\" rel=\"nofollow noopener noreferrer\"><img decoding=\"async\" style=\"border: 2px solid black; margin: 2px;\" title=\"\" src=\"https:\/\/hbb.afl.rakuten.co.jp\/hgb\/13d2403c.6b764d3f.13d2403d.f011e704\/?me_id=1213310&amp;item_id=19311962&amp;m=https%3A%2F%2Fthumbnail.image.rakuten.co.jp%2F%400_mall%2Fbook%2Fcabinet%2F7471%2F9784837927471.jpg%3F_ex%3D80x80&amp;pc=https%3A%2F%2Fthumbnail.image.rakuten.co.jp%2F%400_mall%2Fbook%2Fcabinet%2F7471%2F9784837927471.jpg%3F_ex%3D300x300&amp;s=300x300&amp;t=pict\" alt=\"\" border=\"2\" \/><\/a><\/p>\n<\/p><\/div>\n<\/p><\/div>\n<div class=\"builder-text-column builder-text-column-3\" id=\"builder-section-text_100-column-3\">\n<div class=\"builder-text-content\">\n<p><a style=\"word-wrap: break-word;\" href=\"https:\/\/hb.afl.rakuten.co.jp\/hgc\/13d2403c.6b764d3f.13d2403d.f011e704\/?pc=https%3A%2F%2Fitem.rakuten.co.jp%2Fbook%2F13378715%2F&amp;m=http%3A%2F%2Fm.rakuten.co.jp%2Fbook%2Fi%2F17588909%2F&amp;link_type=pict&amp;ut=eyJwYWdlIjoiaXRlbSIsInR5cGUiOiJwaWN0Iiwic2l6ZSI6IjMwMHgzMDAiLCJuYW0iOjEsIm5hbXAiOiJyaWdodCIsImNvbSI6MSwiY29tcCI6ImRvd24iLCJwcmljZSI6MCwiYm9yIjoxLCJjb2wiOjEsImJidG4iOjF9\" target=\"_blank\" rel=\"nofollow noopener noreferrer\"><img decoding=\"async\" style=\"border: 2px solid black; margin: 2px;\" title=\"\" src=\"https:\/\/hbb.afl.rakuten.co.jp\/hgb\/13d2403c.6b764d3f.13d2403d.f011e704\/?me_id=1213310&amp;item_id=17588909&amp;m=https%3A%2F%2Fthumbnail.image.rakuten.co.jp%2F%400_mall%2Fbook%2Fcabinet%2F3326%2F9784890633326.jpg%3F_ex%3D80x80&amp;pc=https%3A%2F%2Fthumbnail.image.rakuten.co.jp%2F%400_mall%2Fbook%2Fcabinet%2F3326%2F9784890633326.jpg%3F_ex%3D300x300&amp;s=300x300&amp;t=pict\" alt=\"\" border=\"2\" \/><\/a><\/p>\n<\/p><\/div>\n<\/p><\/div>\n<\/p><\/div>\n<\/p><\/div>\n<\/section>\n<section id=\"builder-section-text_663\" class=\"builder-section-prev-text builder-section builder-section-text builder-section-last builder-text-columns-1\" style=\"background-size: cover; background-repeat: no-repeat;background-position: center center;\">\n<div class=\"builder-section-content\">\n<div class=\"builder-text-row\">\n<div class=\"builder-text-column builder-text-column-1\" id=\"builder-section-text_663-column-1\">\n<div class=\"builder-text-content\">\n<p><iframe loading=\"lazy\" width=\"960\" height=\"540\" src=\"https:\/\/www.youtube.com\/embed\/bexOVs76-Lw\" frameborder=\"0\" allow=\"accelerometer; autoplay; encrypted-media; gyroscope; picture-in-picture\" allowfullscreen><\/iframe><\/p>\n<\/p><\/div>\n<\/p><\/div>\n<\/p><\/div>\n<div class=\"builder-text-row\">\n<div class=\"builder-text-column builder-text-column-2\" id=\"builder-section-text_663-column-1\">\n<div class=\"builder-text-content\">\n<p><iframe loading=\"lazy\" width=\"960\" height=\"540\" src=\"https:\/\/www.youtube.com\/embed\/jw3EuyI8Tzc\" frameborder=\"0\" allow=\"accelerometer; autoplay; encrypted-media; gyroscope; picture-in-picture\" allowfullscreen><\/iframe><\/p>\n<\/p><\/div>\n<\/p><\/div>\n<\/p><\/div>\n<div class=\"builder-text-row\">\n<div class=\"builder-text-column builder-text-column-3\" id=\"builder-section-text_663-column-1\">\n<div class=\"builder-text-content\">\n<p><iframe loading=\"lazy\" width=\"960\" height=\"540\" src=\"https:\/\/www.youtube.com\/embed\/_KQ4gm37i2E\" frameborder=\"0\" allow=\"accelerometer; autoplay; encrypted-media; gyroscope; picture-in-picture\" allowfullscreen><\/iframe><\/p>\n<\/p><\/div>\n<\/p><\/div>\n<\/p><\/div>\n<div class=\"builder-text-row\">\n<div class=\"builder-text-column builder-text-column-4\" id=\"builder-section-text_663-column-1\">\n<div class=\"builder-text-content\">\n<p><iframe loading=\"lazy\" src=\"https:\/\/www.facebook.com\/plugins\/video.php?href=https%3A%2F%2Fwww.facebook.com%2FBUDOJO%2Fvideos%2F10155706269040828%2F&#038;show_text=0&#038;width=560\" width=\"960\" height=\"540\" style=\"border:none;overflow:hidden\" scrolling=\"no\" frameborder=\"0\" allowTransparency=\"true\" allowFullScreen=\"true\"><\/iframe><\/p>\n<\/p><\/div>\n<\/p><\/div>\n<\/p><\/div>\n<div class=\"builder-text-row\">\n<div class=\"builder-text-column builder-text-column-5\" id=\"builder-section-text_663-column-1\">\n<div class=\"builder-text-content\">\n<div class=\"ttfmake-embed-wrapper aligncenter\" style=\"max-width: 960px;\">\n<div class=\"jetpack-video-wrapper\"><span class=\"embed-youtube\" style=\"text-align:center; display: block;\"><iframe loading=\"lazy\" class=\"youtube-player\" width=\"960\" height=\"540\" src=\"https:\/\/www.youtube.com\/embed\/1pOrvB8EZ8s?version=3&#038;rel=1&#038;showsearch=0&#038;showinfo=1&#038;iv_load_policy=1&#038;fs=1&#038;hl=de-DE&#038;autohide=2&#038;wmode=transparent\" allowfullscreen=\"true\" style=\"border:0;\" sandbox=\"allow-scripts allow-same-origin allow-popups allow-presentation\"><\/iframe><\/span><\/div>\n<\/div>\n<\/p><\/div>\n<\/p><\/div>\n<\/p><\/div>\n<\/p><\/div>\n<\/section>\n","protected":false},"excerpt":{"rendered":"<p>\u00a0 \uf4fa\u00a0Der Gr\u00fcnder \u201eOyaji\u201c Offizieller Repr\u00e4sentant\/Leiter der Gruppe: Takashi Araya &#8211; offizieller Titel: &#8222;Oyaji&#8220; (gro\u00dfer Kumpel, Kamerad) Biographie: Geboren 1959 in der Pr\u00e4fektur Akita. 1978: Abschlu\u00df Ingenieurstudium a.d. Naturwissenschaftl. Universit\u00e4t Tokio. Eintritt als Offiziersanw\u00e4rter in die japanische Armee (Bodenstreitkr\u00e4fte) Milit\u00e4rische Laufbahn: 19. Infanterie-Regiment (Fukuoka) 1. Luftlandedivision \/ 39. Infanterie-Regiment (Hirosaki) \/ Kommandant Bodenpersonal \/ Stabsb\u00fcro &hellip;<\/p>\n","protected":false},"author":2,"featured_media":0,"parent":0,"menu_order":0,"comment_status":"closed","ping_status":"closed","template":"template-builder.php","meta":{"_locale":"de_DE","_original_post":"802"},"yoast_head":"<!-- This site is optimized with the Yoast SEO plugin v20.10 - https:\/\/yoast.com\/wordpress\/plugins\/seo\/ -->\n<title>Der Gr\u00fcnder - \u718a\u91ce\u98db\u9ce5\u3080\u3059\u3073\u306e\u91cc<\/title>\n<meta name=\"robots\" content=\"index, follow, max-snippet:-1, max-image-preview:large, max-video-preview:-1\" \/>\n<link rel=\"canonical\" href=\"https:\/\/musubinosato.jp\/de\/oyaji\/\" \/>\n<meta property=\"og:locale\" content=\"de_DE\" \/>\n<meta property=\"og:type\" content=\"article\" \/>\n<meta property=\"og:title\" content=\"Der Gr\u00fcnder - \u718a\u91ce\u98db\u9ce5\u3080\u3059\u3073\u306e\u91cc\" \/>\n<meta property=\"og:description\" content=\"\u00a0 \uf4fa\u00a0Der Gr\u00fcnder \u201eOyaji\u201c Offizieller Repr\u00e4sentant\/Leiter der Gruppe: Takashi Araya &#8211; offizieller Titel: &#8222;Oyaji&#8220; (gro\u00dfer Kumpel, Kamerad) Biographie: Geboren 1959 in der Pr\u00e4fektur Akita. 1978: Abschlu\u00df Ingenieurstudium a.d. Naturwissenschaftl. Universit\u00e4t Tokio. Eintritt als Offiziersanw\u00e4rter in die japanische Armee (Bodenstreitkr\u00e4fte) Milit\u00e4rische Laufbahn: 19. Infanterie-Regiment (Fukuoka) 1. Luftlandedivision \/ 39. Infanterie-Regiment (Hirosaki) \/ Kommandant Bodenpersonal \/ Stabsb\u00fcro &hellip;\" \/>\n<meta property=\"og:url\" content=\"https:\/\/musubinosato.jp\/de\/oyaji\/\" \/>\n<meta property=\"og:site_name\" content=\"\u718a\u91ce\u98db\u9ce5\u3080\u3059\u3073\u306e\u91cc\" \/>\n<meta property=\"article:publisher\" content=\"https:\/\/facebook.com\/musubinosato\" \/>\n<meta property=\"article:modified_time\" content=\"2019-04-07T22:49:14+00:00\" \/>\n<meta property=\"og:image\" content=\"http:\/\/musubinosato.jp\/wp-content\/uploads\/2018\/12\/L1002729-683x1024.jpg\" \/>\n<meta name=\"twitter:card\" content=\"summary_large_image\" \/>\n<meta name=\"twitter:site\" content=\"@musubinosato\" \/>\n<meta name=\"twitter:label1\" content=\"Gesch\u00e4tzte Lesezeit\" \/>\n\t<meta name=\"twitter:data1\" content=\"1\u00a0Minute\" \/>\n<script type=\"application\/ld+json\" class=\"yoast-schema-graph\">{\"@context\":\"https:\/\/schema.org\",\"@graph\":[{\"@type\":\"WebPage\",\"@id\":\"https:\/\/musubinosato.jp\/de\/oyaji\/\",\"url\":\"https:\/\/musubinosato.jp\/de\/oyaji\/\",\"name\":\"Der Gr\u00fcnder - \u718a\u91ce\u98db\u9ce5\u3080\u3059\u3073\u306e\u91cc\",\"isPartOf\":{\"@id\":\"https:\/\/musubinosato.jp\/ru\/#website\"},\"datePublished\":\"2019-03-26T07:16:26+00:00\",\"dateModified\":\"2019-04-07T22:49:14+00:00\",\"breadcrumb\":{\"@id\":\"https:\/\/musubinosato.jp\/de\/oyaji\/#breadcrumb\"},\"inLanguage\":\"de\",\"potentialAction\":[{\"@type\":\"ReadAction\",\"target\":[\"https:\/\/musubinosato.jp\/de\/oyaji\/\"]}]},{\"@type\":\"BreadcrumbList\",\"@id\":\"https:\/\/musubinosato.jp\/de\/oyaji\/#breadcrumb\",\"itemListElement\":[{\"@type\":\"ListItem\",\"position\":1,\"name\":\"\u30db\u30fc\u30e0\",\"item\":\"https:\/\/musubinosato.jp\/de\/\"},{\"@type\":\"ListItem\",\"position\":2,\"name\":\"Der Gr\u00fcnder\"}]},{\"@type\":\"WebSite\",\"@id\":\"https:\/\/musubinosato.jp\/ru\/#website\",\"url\":\"https:\/\/musubinosato.jp\/ru\/\",\"name\":\"\u718a\u91ce\u98db\u9ce5-\u3080\u3059\u3073\u306e\u91cc\",\"description\":\"\u56fd\u969b\u5171\u751f\u5275\u6210\u5354\u4f1a\",\"publisher\":{\"@id\":\"https:\/\/musubinosato.jp\/ru\/#organization\"},\"potentialAction\":[{\"@type\":\"SearchAction\",\"target\":{\"@type\":\"EntryPoint\",\"urlTemplate\":\"https:\/\/musubinosato.jp\/ru\/?s={search_term_string}\"},\"query-input\":\"required name=search_term_string\"}],\"inLanguage\":\"de\"},{\"@type\":\"Organization\",\"@id\":\"https:\/\/musubinosato.jp\/ru\/#organization\",\"name\":\"\u56fd\u969b\u5171\u751f\u5275\u6210\u5354\u4f1a\u3000\u718a\u91ce\u98db\u9ce5\u3080\u3059\u3073\u306e\u91cc\",\"url\":\"https:\/\/musubinosato.jp\/ru\/\",\"logo\":{\"@type\":\"ImageObject\",\"inLanguage\":\"de\",\"@id\":\"https:\/\/musubinosato.jp\/ru\/#\/schema\/logo\/image\/\",\"url\":\"https:\/\/i0.wp.com\/musubinosato.jp\/wp-content\/uploads\/2018\/10\/kumano2-1.png?fit=960%2C206&ssl=1\",\"contentUrl\":\"https:\/\/i0.wp.com\/musubinosato.jp\/wp-content\/uploads\/2018\/10\/kumano2-1.png?fit=960%2C206&ssl=1\",\"width\":960,\"height\":206,\"caption\":\"\u56fd\u969b\u5171\u751f\u5275\u6210\u5354\u4f1a\u3000\u718a\u91ce\u98db\u9ce5\u3080\u3059\u3073\u306e\u91cc\"},\"image\":{\"@id\":\"https:\/\/musubinosato.jp\/ru\/#\/schema\/logo\/image\/\"},\"sameAs\":[\"https:\/\/facebook.com\/musubinosato\",\"https:\/\/twitter.com\/musubinosato\"]}]}<\/script>\n<!-- \/ Yoast SEO plugin. -->","yoast_head_json":{"title":"Der Gr\u00fcnder - \u718a\u91ce\u98db\u9ce5\u3080\u3059\u3073\u306e\u91cc","robots":{"index":"index","follow":"follow","max-snippet":"max-snippet:-1","max-image-preview":"max-image-preview:large","max-video-preview":"max-video-preview:-1"},"canonical":"https:\/\/musubinosato.jp\/de\/oyaji\/","og_locale":"de_DE","og_type":"article","og_title":"Der Gr\u00fcnder - \u718a\u91ce\u98db\u9ce5\u3080\u3059\u3073\u306e\u91cc","og_description":"\u00a0 \uf4fa\u00a0Der Gr\u00fcnder \u201eOyaji\u201c Offizieller Repr\u00e4sentant\/Leiter der Gruppe: Takashi Araya &#8211; offizieller Titel: &#8222;Oyaji&#8220; (gro\u00dfer Kumpel, Kamerad) Biographie: Geboren 1959 in der Pr\u00e4fektur Akita. 1978: Abschlu\u00df Ingenieurstudium a.d. Naturwissenschaftl. Universit\u00e4t Tokio. Eintritt als Offiziersanw\u00e4rter in die japanische Armee (Bodenstreitkr\u00e4fte) Milit\u00e4rische Laufbahn: 19. Infanterie-Regiment (Fukuoka) 1. Luftlandedivision \/ 39. Infanterie-Regiment (Hirosaki) \/ Kommandant Bodenpersonal \/ Stabsb\u00fcro &hellip;","og_url":"https:\/\/musubinosato.jp\/de\/oyaji\/","og_site_name":"\u718a\u91ce\u98db\u9ce5\u3080\u3059\u3073\u306e\u91cc","article_publisher":"https:\/\/facebook.com\/musubinosato","article_modified_time":"2019-04-07T22:49:14+00:00","og_image":[{"url":"http:\/\/musubinosato.jp\/wp-content\/uploads\/2018\/12\/L1002729-683x1024.jpg"}],"twitter_card":"summary_large_image","twitter_site":"@musubinosato","twitter_misc":{"Gesch\u00e4tzte Lesezeit":"1\u00a0Minute"},"schema":{"@context":"https:\/\/schema.org","@graph":[{"@type":"WebPage","@id":"https:\/\/musubinosato.jp\/de\/oyaji\/","url":"https:\/\/musubinosato.jp\/de\/oyaji\/","name":"Der Gr\u00fcnder - \u718a\u91ce\u98db\u9ce5\u3080\u3059\u3073\u306e\u91cc","isPartOf":{"@id":"https:\/\/musubinosato.jp\/ru\/#website"},"datePublished":"2019-03-26T07:16:26+00:00","dateModified":"2019-04-07T22:49:14+00:00","breadcrumb":{"@id":"https:\/\/musubinosato.jp\/de\/oyaji\/#breadcrumb"},"inLanguage":"de","potentialAction":[{"@type":"ReadAction","target":["https:\/\/musubinosato.jp\/de\/oyaji\/"]}]},{"@type":"BreadcrumbList","@id":"https:\/\/musubinosato.jp\/de\/oyaji\/#breadcrumb","itemListElement":[{"@type":"ListItem","position":1,"name":"\u30db\u30fc\u30e0","item":"https:\/\/musubinosato.jp\/de\/"},{"@type":"ListItem","position":2,"name":"Der Gr\u00fcnder"}]},{"@type":"WebSite","@id":"https:\/\/musubinosato.jp\/ru\/#website","url":"https:\/\/musubinosato.jp\/ru\/","name":"\u718a\u91ce\u98db\u9ce5-\u3080\u3059\u3073\u306e\u91cc","description":"\u56fd\u969b\u5171\u751f\u5275\u6210\u5354\u4f1a","publisher":{"@id":"https:\/\/musubinosato.jp\/ru\/#organization"},"potentialAction":[{"@type":"SearchAction","target":{"@type":"EntryPoint","urlTemplate":"https:\/\/musubinosato.jp\/ru\/?s={search_term_string}"},"query-input":"required name=search_term_string"}],"inLanguage":"de"},{"@type":"Organization","@id":"https:\/\/musubinosato.jp\/ru\/#organization","name":"\u56fd\u969b\u5171\u751f\u5275\u6210\u5354\u4f1a\u3000\u718a\u91ce\u98db\u9ce5\u3080\u3059\u3073\u306e\u91cc","url":"https:\/\/musubinosato.jp\/ru\/","logo":{"@type":"ImageObject","inLanguage":"de","@id":"https:\/\/musubinosato.jp\/ru\/#\/schema\/logo\/image\/","url":"https:\/\/i0.wp.com\/musubinosato.jp\/wp-content\/uploads\/2018\/10\/kumano2-1.png?fit=960%2C206&ssl=1","contentUrl":"https:\/\/i0.wp.com\/musubinosato.jp\/wp-content\/uploads\/2018\/10\/kumano2-1.png?fit=960%2C206&ssl=1","width":960,"height":206,"caption":"\u56fd\u969b\u5171\u751f\u5275\u6210\u5354\u4f1a\u3000\u718a\u91ce\u98db\u9ce5\u3080\u3059\u3073\u306e\u91cc"},"image":{"@id":"https:\/\/musubinosato.jp\/ru\/#\/schema\/logo\/image\/"},"sameAs":["https:\/\/facebook.com\/musubinosato","https:\/\/twitter.com\/musubinosato"]}]}},"jetpack_shortlink":"https:\/\/wp.me\/Pasgmn-q0","jetpack_sharing_enabled":true,"_links":{"self":[{"href":"https:\/\/musubinosato.jp\/wp-json\/wp\/v2\/pages\/1612"}],"collection":[{"href":"https:\/\/musubinosato.jp\/wp-json\/wp\/v2\/pages"}],"about":[{"href":"https:\/\/musubinosato.jp\/wp-json\/wp\/v2\/types\/page"}],"author":[{"embeddable":true,"href":"https:\/\/musubinosato.jp\/wp-json\/wp\/v2\/users\/2"}],"replies":[{"embeddable":true,"href":"https:\/\/musubinosato.jp\/wp-json\/wp\/v2\/comments?post=1612"}],"version-history":[{"count":6,"href":"https:\/\/musubinosato.jp\/wp-json\/wp\/v2\/pages\/1612\/revisions"}],"predecessor-version":[{"id":1775,"href":"https:\/\/musubinosato.jp\/wp-json\/wp\/v2\/pages\/1612\/revisions\/1775"}],"wp:attachment":[{"href":"https:\/\/musubinosato.jp\/wp-json\/wp\/v2\/media?parent=1612"}],"curies":[{"name":"wp","href":"https:\/\/api.w.org\/{rel}","templated":true}]}}