{"id":1609,"date":"2019-03-26T15:36:57","date_gmt":"2019-03-26T06:36:57","guid":{"rendered":"https:\/\/musubinosato.jp\/?page_id=1609"},"modified":"2019-04-08T07:42:20","modified_gmt":"2019-04-07T22:42:20","slug":"home-2-2-2","status":"publish","type":"page","link":"https:\/\/musubinosato.jp\/","title":{"rendered":"Startseite"},"content":{"rendered":"<section id=\"builder-section-banner_11\" class=\"builder-section-first builder-section builder-section-banner builder-section-next-text builder-section-full-width\" style=\"background-size: cover; background-repeat: no-repeat;background-position: center center;\">\n<div class=\"builder-section-content cycle-slideshow\" data-cycle-log=\"false\" data-cycle-slides=\"div.builder-banner-slide\" data-cycle-swipe=\"true\" data-cycle-timeout=\"6000\">\n<div class=\"builder-banner-slide content-position-none\" style=\"background-image: url(&#039;http:\/\/musubinosato.jp\/wp-content\/uploads\/2018\/10\/KUMANO2018-5761-e1540459435595.jpg&#039;);\">\n<div class=\"builder-banner-content\">\n<div class=\"builder-banner-inner-content\">\n\t\t\t\t\t\t\t\t\t<\/div>\n<\/p><\/div>\n<\/p><\/div>\n<div class=\"builder-banner-slide content-position-none\" style=\"background-image: url(&#039;http:\/\/musubinosato.jp\/wp-content\/uploads\/2018\/10\/KUMANO-May2017-3772-e1540459528294.jpg&#039;);\">\n<div class=\"builder-banner-content\">\n<div class=\"builder-banner-inner-content\">\n\t\t\t\t\t\t\t\t\t<\/div>\n<\/p><\/div>\n<\/p><\/div>\n<div class=\"builder-banner-slide content-position-none\" style=\"background-image: url(&#039;http:\/\/musubinosato.jp\/wp-content\/uploads\/2018\/10\/KUMANO-May2017-3280.jpg&#039;);\">\n<div class=\"builder-banner-content\">\n<div class=\"builder-banner-inner-content\">\n\t\t\t\t\t\t\t\t\t<\/div>\n<\/p><\/div>\n<\/p><\/div>\n<div class=\"cycle-pager\"><\/div>\n<\/p><\/div>\n<\/section>\n<section id=\"builder-section-text_73\" class=\"builder-section-prev-banner builder-section builder-section-text builder-section-next-text builder-text-columns-1\" style=\"background-size: cover; background-repeat: no-repeat;background-position: center center;\">\n<div class=\"builder-section-content\">\n<div class=\"builder-text-row\">\n<div class=\"builder-text-column builder-text-column-1\" id=\"builder-section-text_73-column-1\">\n<div class=\"builder-text-content\">\n<blockquote class=\"ttfmake-testimonial\">\n<p><strong>\u00a0 <span class=\"ttfmake-icon mceNonEditable fas\">\uf4d8<\/span> Unsere Botschaft<\/strong><\/p>\n<\/blockquote>\n<p class=\"message\">Angesichts der sich gegenw\u00e4rtig dramatisch ver\u00e4ndernden Weltlage &#8211; mit Erhebungen, Turbulenzen, gro\u00dfer Unsicherheit &#8211; m\u00f6chte ich eine Gemeinschaft gr\u00fcnden, in der Menschen aus allen Teilen der Erde zusammenleben, um gemeinsam eine ganz besondere, wundersame Zukunft zu schmieden, im Einklang mit der gro\u00dfartigen Natur und Landschaft und der traditionellen japanischen Kultur.<br \/>\nIch habe mir daher vorgenommen, eine Gemeinschaft aufzubauen, die die in jeder menschlichen Psyche schlummernden Kr\u00e4fte zu Kampf und Ausdauer wieder erwecken kann &#8211; durch t\u00e4gliche gemeinsame Arbeit und die dabei mit den Freunden gewonnenen Erfahrungen und Kenntnisse. Ziel ist die Selbstversorgung, also eine vollst\u00e4ndige Autarkie.<br \/>\nAls Ort daf\u00fcr habe ich die dichten W\u00e4lder von Kumano in der Pr\u00e4fektur Mie gew\u00e4hlt. Dieses als Weltkulturerbe ausgezeichnete Gebiet ist bekannt wegen seiner heiligen Orte, seiner Pilgerstra\u00dfen und seiner Kulturlandschaft und hatte f\u00fcr Japaner von jeher eine ganz besondere Bedeutung.<br \/>\nHier k\u00f6nnen wir eine Sensibilit\u00e4t, eine Empfindungsf\u00e4higkeit wieder entdecken, die uns in unserer modernen Zeit verlorengegangen sind:<br \/>\n. eine tiefe geistige und k\u00f6rperliche Verbundenheit mit unseren Mitmenschen<br \/>\n. ein inniges, von Herzen kommendes Gef\u00fchl der Dankbarkeit f\u00fcr die Natur und f\u00fcr das wertvolle Erbe, welches uns unsere Vorfahren hinterlassen haben<br \/>\n. eine Lebensspirale, geboren aus dem Universum, lebend im Universum und zum Universum zur\u00fcckkehrend: sich dieser wieder bewu\u00dft zu werden und sie zu aktivieren, schenkt uns ein neues klares Lebensgef\u00fchl<\/p>\n<p><strong><br \/>\nTakashi Araya<br \/>\n<\/strong><\/p>\n<\/p><\/div>\n<\/p><\/div>\n<\/p><\/div>\n<\/p><\/div>\n<\/section>\n<section id=\"builder-section-text_71\" class=\"builder-section-prev-text builder-section builder-section-text builder-section-next-text builder-text-columns-1\" style=\"background-size: cover; background-repeat: no-repeat;background-position: center center;\">\n<div class=\"builder-section-content\">\n<div class=\"builder-text-row\">\n<div class=\"builder-text-column builder-text-column-1\" id=\"builder-section-text_71-column-1\">\n<div class=\"builder-text-content\">\n<div style=\"text-align: center;\"><iframe loading=\"lazy\" width=\"960\" height=\"540\" src=\"https:\/\/www.youtube.com\/embed\/videoseries?list=PLWZ-NxxYH8V4PbnIW-j6lAO6HTBLHuOYd\" frameborder=\"0\" allow=\"accelerometer; autoplay; encrypted-media; gyroscope; picture-in-picture\" allowfullscreen><\/iframe><\/div>\n<\/p><\/div>\n<\/p><\/div>\n<\/p><\/div>\n<div class=\"builder-text-row\">\n<div class=\"builder-text-column builder-text-column-2\" id=\"builder-section-text_71-column-1\">\n<div class=\"builder-text-content\">\n<div class=\"ttfmake-embed-wrapper aligncenter\" style=\"max-width: 960px;\">\n<div class=\"jetpack-video-wrapper\"><span class=\"embed-youtube\" style=\"text-align:center; display: block;\"><iframe loading=\"lazy\" class=\"youtube-player\" width=\"960\" height=\"540\" src=\"https:\/\/www.youtube.com\/embed\/JlSol-Mowes?version=3&#038;rel=1&#038;showsearch=0&#038;showinfo=1&#038;iv_load_policy=1&#038;fs=1&#038;hl=de-DE&#038;autohide=2&#038;wmode=transparent\" allowfullscreen=\"true\" style=\"border:0;\" sandbox=\"allow-scripts allow-same-origin allow-popups allow-presentation\"><\/iframe><\/span><\/div>\n<\/div>\n<\/p><\/div>\n<\/p><\/div>\n<\/p><\/div>\n<div class=\"builder-text-row\">\n<div class=\"builder-text-column builder-text-column-3\" id=\"builder-section-text_71-column-1\">\n<div class=\"builder-text-content\">\n<div class=\"ttfmake-embed-wrapper aligncenter\" style=\"max-width: 960px;\">\n<div class=\"jetpack-video-wrapper\"><span class=\"embed-youtube\" style=\"text-align:center; display: block;\"><iframe loading=\"lazy\" class=\"youtube-player\" width=\"960\" height=\"540\" src=\"https:\/\/www.youtube.com\/embed\/CTxPbui1y_s?version=3&#038;rel=1&#038;showsearch=0&#038;showinfo=1&#038;iv_load_policy=1&#038;fs=1&#038;hl=de-DE&#038;autohide=2&#038;wmode=transparent\" allowfullscreen=\"true\" style=\"border:0;\" sandbox=\"allow-scripts allow-same-origin allow-popups allow-presentation\"><\/iframe><\/span><\/div>\n<\/div>\n<\/p><\/div>\n<\/p><\/div>\n<\/p><\/div>\n<div class=\"builder-text-row\">\n<div class=\"builder-text-column builder-text-column-4\" id=\"builder-section-text_71-column-1\">\n<div class=\"builder-text-content\">\n<div id=\"openingmovie\"><\/div>\n<div class=\"ttfmake-embed-wrapper aligncenter\" style=\"max-width: 960px;\">\n<div class=\"fb-video\" data-allowfullscreen=\"true\" data-href=\"https:\/\/www.facebook.com\/nomadsaito\/videos\/10217894635620335\/\"><\/div>\n<\/div>\n<\/p><\/div>\n<\/p><\/div>\n<\/p><\/div>\n<div class=\"builder-text-row\">\n<div class=\"builder-text-column builder-text-column-5\" id=\"builder-section-text_71-column-1\">\n<div class=\"builder-text-content\">\n<div class=\"ttfmake-embed-wrapper aligncenter\" style=\"max-width: 960px;\">\n<div class=\"jetpack-video-wrapper\"><span class=\"embed-youtube\" style=\"text-align:center; display: block;\"><iframe loading=\"lazy\" class=\"youtube-player\" width=\"960\" height=\"540\" src=\"https:\/\/www.youtube.com\/embed\/LWQPwH8AAsY?version=3&#038;rel=1&#038;showsearch=0&#038;showinfo=1&#038;iv_load_policy=1&#038;fs=1&#038;hl=de-DE&#038;autohide=2&#038;wmode=transparent\" allowfullscreen=\"true\" style=\"border:0;\" sandbox=\"allow-scripts allow-same-origin allow-popups allow-presentation\"><\/iframe><\/span><\/div>\n<\/div>\n<\/p><\/div>\n<\/p><\/div>\n<\/p><\/div>\n<\/p><\/div>\n<\/section>\n<section id=\"builder-section-text_154\" class=\"builder-section-prev-text builder-section builder-section-text builder-section-last builder-text-columns-1\" style=\"background-size: cover; background-repeat: no-repeat;background-position: center center;\">\n<div class=\"builder-section-content\">\n<div class=\"builder-text-row\">\n<div class=\"builder-text-column builder-text-column-1\" id=\"builder-section-text_154-column-1\">\n<div class=\"builder-text-content\">\n<p><iframe loading=\"lazy\" src=\"https:\/\/calendar.google.com\/calendar\/embed?title=%E3%82%80%E3%81%99%E3%81%B3%E3%81%AE%E9%87%8C%E3%82%AB%E3%83%AC%E3%83%B3%E3%83%80%E3%83%BC&amp;height=600&amp;wkst=1&amp;bgcolor=%23FFFFFF&amp;src=5joj20bjf5m5vufdu9vn05e0d8%40group.calendar.google.com&amp;color=%232F6309&amp;src=b9k4r9ta4cg6b05hu4kt2ki2lk%40group.calendar.google.com&amp;color=%235229A3\" style=\"border-width:0; display: block; margin: auto;\" width=\"960\" height=\"600\" frameborder=\"0\" scrolling=\"no\"><\/iframe><\/p>\n<\/p><\/div>\n<\/p><\/div>\n<\/p><\/div>\n<div class=\"builder-text-row\">\n<div class=\"builder-text-column builder-text-column-2\" id=\"builder-section-text_154-column-1\">\n<div class=\"builder-text-content\">\n<p style=\"text-align: center;\"><iframe loading=\"lazy\" src=\"https:\/\/www.google.com\/maps\/embed?pb=!1m14!1m8!1m3!1d13238.533054476047!2d136.0977786!3d33.9505594!3m2!1i1024!2i768!4f13.1!3m3!1m2!1s0x0%3A0xa9fec0c9ac6f0fc8!2z54aK6YeO6aOb6bOl44KA44GZ44Gz44Gu6YeM!5e0!3m2!1sja!2sjp!4v1541152333693\" width=\"960\" height=\"600\" frameborder=\"0\" style=\"border:0\" allowfullscreen><\/iframe><\/iframe><\/p>\n<\/p><\/div>\n<\/p><\/div>\n<\/p><\/div>\n<\/p><\/div>\n<\/section>\n","protected":false},"excerpt":{"rendered":"<p>\u00a0 \uf4d8 Unsere Botschaft Angesichts der sich gegenw\u00e4rtig dramatisch ver\u00e4ndernden Weltlage &#8211; mit Erhebungen, Turbulenzen, gro\u00dfer Unsicherheit &#8211; m\u00f6chte ich eine Gemeinschaft gr\u00fcnden, in der Menschen aus allen Teilen der Erde zusammenleben, um gemeinsam eine ganz besondere, wundersame Zukunft zu schmieden, im Einklang mit der gro\u00dfartigen Natur und Landschaft und der traditionellen japanischen Kultur. Ich &hellip;<\/p>\n","protected":false},"author":2,"featured_media":0,"parent":0,"menu_order":0,"comment_status":"closed","ping_status":"closed","template":"template-builder.php","meta":{"_locale":"de_DE","_original_post":"15"},"yoast_head":"<!-- This site is optimized with the Yoast SEO plugin v20.10 - https:\/\/yoast.com\/wordpress\/plugins\/seo\/ -->\n<title>Startseite - \u718a\u91ce\u98db\u9ce5\u3080\u3059\u3073\u306e\u91cc<\/title>\n<meta name=\"robots\" content=\"index, follow, max-snippet:-1, max-image-preview:large, max-video-preview:-1\" \/>\n<link rel=\"canonical\" href=\"https:\/\/musubinosato.jp\/de\/\" \/>\n<meta property=\"og:locale\" content=\"de_DE\" \/>\n<meta property=\"og:type\" content=\"article\" \/>\n<meta property=\"og:title\" content=\"Startseite - \u718a\u91ce\u98db\u9ce5\u3080\u3059\u3073\u306e\u91cc\" \/>\n<meta property=\"og:description\" content=\"\u00a0 \uf4d8 Unsere Botschaft Angesichts der sich gegenw\u00e4rtig dramatisch ver\u00e4ndernden Weltlage &#8211; mit Erhebungen, Turbulenzen, gro\u00dfer Unsicherheit &#8211; m\u00f6chte ich eine Gemeinschaft gr\u00fcnden, in der Menschen aus allen Teilen der Erde zusammenleben, um gemeinsam eine ganz besondere, wundersame Zukunft zu schmieden, im Einklang mit der gro\u00dfartigen Natur und Landschaft und der traditionellen japanischen Kultur. Ich &hellip;\" \/>\n<meta property=\"og:url\" content=\"https:\/\/musubinosato.jp\/de\/\" \/>\n<meta property=\"og:site_name\" content=\"\u718a\u91ce\u98db\u9ce5\u3080\u3059\u3073\u306e\u91cc\" \/>\n<meta property=\"article:publisher\" content=\"https:\/\/facebook.com\/musubinosato\" \/>\n<meta property=\"article:modified_time\" content=\"2019-04-07T22:42:20+00:00\" \/>\n<meta name=\"twitter:card\" content=\"summary_large_image\" \/>\n<meta name=\"twitter:site\" content=\"@musubinosato\" \/>\n<meta name=\"twitter:label1\" content=\"Gesch\u00e4tzte Lesezeit\" \/>\n\t<meta name=\"twitter:data1\" content=\"1\u00a0Minute\" \/>\n<script type=\"application\/ld+json\" class=\"yoast-schema-graph\">{\"@context\":\"https:\/\/schema.org\",\"@graph\":[{\"@type\":\"WebPage\",\"@id\":\"https:\/\/musubinosato.jp\/de\/\",\"url\":\"https:\/\/musubinosato.jp\/de\/\",\"name\":\"Startseite - \u718a\u91ce\u98db\u9ce5\u3080\u3059\u3073\u306e\u91cc\",\"isPartOf\":{\"@id\":\"https:\/\/musubinosato.jp\/ru\/#website\"},\"datePublished\":\"2019-03-26T06:36:57+00:00\",\"dateModified\":\"2019-04-07T22:42:20+00:00\",\"breadcrumb\":{\"@id\":\"https:\/\/musubinosato.jp\/de\/#breadcrumb\"},\"inLanguage\":\"de\",\"potentialAction\":[{\"@type\":\"ReadAction\",\"target\":[\"https:\/\/musubinosato.jp\/de\/\"]}]},{\"@type\":\"BreadcrumbList\",\"@id\":\"https:\/\/musubinosato.jp\/de\/#breadcrumb\",\"itemListElement\":[{\"@type\":\"ListItem\",\"position\":1,\"name\":\"\u30db\u30fc\u30e0\",\"item\":\"https:\/\/musubinosato.jp\/de\/\"},{\"@type\":\"ListItem\",\"position\":2,\"name\":\"Startseite\"}]},{\"@type\":\"WebSite\",\"@id\":\"https:\/\/musubinosato.jp\/ru\/#website\",\"url\":\"https:\/\/musubinosato.jp\/ru\/\",\"name\":\"\u718a\u91ce\u98db\u9ce5-\u3080\u3059\u3073\u306e\u91cc\",\"description\":\"\u56fd\u969b\u5171\u751f\u5275\u6210\u5354\u4f1a\",\"publisher\":{\"@id\":\"https:\/\/musubinosato.jp\/ru\/#organization\"},\"potentialAction\":[{\"@type\":\"SearchAction\",\"target\":{\"@type\":\"EntryPoint\",\"urlTemplate\":\"https:\/\/musubinosato.jp\/ru\/?s={search_term_string}\"},\"query-input\":\"required name=search_term_string\"}],\"inLanguage\":\"de\"},{\"@type\":\"Organization\",\"@id\":\"https:\/\/musubinosato.jp\/ru\/#organization\",\"name\":\"\u56fd\u969b\u5171\u751f\u5275\u6210\u5354\u4f1a\u3000\u718a\u91ce\u98db\u9ce5\u3080\u3059\u3073\u306e\u91cc\",\"url\":\"https:\/\/musubinosato.jp\/ru\/\",\"logo\":{\"@type\":\"ImageObject\",\"inLanguage\":\"de\",\"@id\":\"https:\/\/musubinosato.jp\/ru\/#\/schema\/logo\/image\/\",\"url\":\"https:\/\/i0.wp.com\/musubinosato.jp\/wp-content\/uploads\/2018\/10\/kumano2-1.png?fit=960%2C206&ssl=1\",\"contentUrl\":\"https:\/\/i0.wp.com\/musubinosato.jp\/wp-content\/uploads\/2018\/10\/kumano2-1.png?fit=960%2C206&ssl=1\",\"width\":960,\"height\":206,\"caption\":\"\u56fd\u969b\u5171\u751f\u5275\u6210\u5354\u4f1a\u3000\u718a\u91ce\u98db\u9ce5\u3080\u3059\u3073\u306e\u91cc\"},\"image\":{\"@id\":\"https:\/\/musubinosato.jp\/ru\/#\/schema\/logo\/image\/\"},\"sameAs\":[\"https:\/\/facebook.com\/musubinosato\",\"https:\/\/twitter.com\/musubinosato\"]}]}<\/script>\n<!-- \/ Yoast SEO plugin. -->","yoast_head_json":{"title":"Startseite - \u718a\u91ce\u98db\u9ce5\u3080\u3059\u3073\u306e\u91cc","robots":{"index":"index","follow":"follow","max-snippet":"max-snippet:-1","max-image-preview":"max-image-preview:large","max-video-preview":"max-video-preview:-1"},"canonical":"https:\/\/musubinosato.jp\/de\/","og_locale":"de_DE","og_type":"article","og_title":"Startseite - \u718a\u91ce\u98db\u9ce5\u3080\u3059\u3073\u306e\u91cc","og_description":"\u00a0 \uf4d8 Unsere Botschaft Angesichts der sich gegenw\u00e4rtig dramatisch ver\u00e4ndernden Weltlage &#8211; mit Erhebungen, Turbulenzen, gro\u00dfer Unsicherheit &#8211; m\u00f6chte ich eine Gemeinschaft gr\u00fcnden, in der Menschen aus allen Teilen der Erde zusammenleben, um gemeinsam eine ganz besondere, wundersame Zukunft zu schmieden, im Einklang mit der gro\u00dfartigen Natur und Landschaft und der traditionellen japanischen Kultur. Ich &hellip;","og_url":"https:\/\/musubinosato.jp\/de\/","og_site_name":"\u718a\u91ce\u98db\u9ce5\u3080\u3059\u3073\u306e\u91cc","article_publisher":"https:\/\/facebook.com\/musubinosato","article_modified_time":"2019-04-07T22:42:20+00:00","twitter_card":"summary_large_image","twitter_site":"@musubinosato","twitter_misc":{"Gesch\u00e4tzte Lesezeit":"1\u00a0Minute"},"schema":{"@context":"https:\/\/schema.org","@graph":[{"@type":"WebPage","@id":"https:\/\/musubinosato.jp\/de\/","url":"https:\/\/musubinosato.jp\/de\/","name":"Startseite - \u718a\u91ce\u98db\u9ce5\u3080\u3059\u3073\u306e\u91cc","isPartOf":{"@id":"https:\/\/musubinosato.jp\/ru\/#website"},"datePublished":"2019-03-26T06:36:57+00:00","dateModified":"2019-04-07T22:42:20+00:00","breadcrumb":{"@id":"https:\/\/musubinosato.jp\/de\/#breadcrumb"},"inLanguage":"de","potentialAction":[{"@type":"ReadAction","target":["https:\/\/musubinosato.jp\/de\/"]}]},{"@type":"BreadcrumbList","@id":"https:\/\/musubinosato.jp\/de\/#breadcrumb","itemListElement":[{"@type":"ListItem","position":1,"name":"\u30db\u30fc\u30e0","item":"https:\/\/musubinosato.jp\/de\/"},{"@type":"ListItem","position":2,"name":"Startseite"}]},{"@type":"WebSite","@id":"https:\/\/musubinosato.jp\/ru\/#website","url":"https:\/\/musubinosato.jp\/ru\/","name":"\u718a\u91ce\u98db\u9ce5-\u3080\u3059\u3073\u306e\u91cc","description":"\u56fd\u969b\u5171\u751f\u5275\u6210\u5354\u4f1a","publisher":{"@id":"https:\/\/musubinosato.jp\/ru\/#organization"},"potentialAction":[{"@type":"SearchAction","target":{"@type":"EntryPoint","urlTemplate":"https:\/\/musubinosato.jp\/ru\/?s={search_term_string}"},"query-input":"required name=search_term_string"}],"inLanguage":"de"},{"@type":"Organization","@id":"https:\/\/musubinosato.jp\/ru\/#organization","name":"\u56fd\u969b\u5171\u751f\u5275\u6210\u5354\u4f1a\u3000\u718a\u91ce\u98db\u9ce5\u3080\u3059\u3073\u306e\u91cc","url":"https:\/\/musubinosato.jp\/ru\/","logo":{"@type":"ImageObject","inLanguage":"de","@id":"https:\/\/musubinosato.jp\/ru\/#\/schema\/logo\/image\/","url":"https:\/\/i0.wp.com\/musubinosato.jp\/wp-content\/uploads\/2018\/10\/kumano2-1.png?fit=960%2C206&ssl=1","contentUrl":"https:\/\/i0.wp.com\/musubinosato.jp\/wp-content\/uploads\/2018\/10\/kumano2-1.png?fit=960%2C206&ssl=1","width":960,"height":206,"caption":"\u56fd\u969b\u5171\u751f\u5275\u6210\u5354\u4f1a\u3000\u718a\u91ce\u98db\u9ce5\u3080\u3059\u3073\u306e\u91cc"},"image":{"@id":"https:\/\/musubinosato.jp\/ru\/#\/schema\/logo\/image\/"},"sameAs":["https:\/\/facebook.com\/musubinosato","https:\/\/twitter.com\/musubinosato"]}]}},"jetpack_shortlink":"https:\/\/wp.me\/Pasgmn-pX","jetpack_sharing_enabled":true,"_links":{"self":[{"href":"https:\/\/musubinosato.jp\/wp-json\/wp\/v2\/pages\/1609"}],"collection":[{"href":"https:\/\/musubinosato.jp\/wp-json\/wp\/v2\/pages"}],"about":[{"href":"https:\/\/musubinosato.jp\/wp-json\/wp\/v2\/types\/page"}],"author":[{"embeddable":true,"href":"https:\/\/musubinosato.jp\/wp-json\/wp\/v2\/users\/2"}],"replies":[{"embeddable":true,"href":"https:\/\/musubinosato.jp\/wp-json\/wp\/v2\/comments?post=1609"}],"version-history":[{"count":3,"href":"https:\/\/musubinosato.jp\/wp-json\/wp\/v2\/pages\/1609\/revisions"}],"predecessor-version":[{"id":1772,"href":"https:\/\/musubinosato.jp\/wp-json\/wp\/v2\/pages\/1609\/revisions\/1772"}],"wp:attachment":[{"href":"https:\/\/musubinosato.jp\/wp-json\/wp\/v2\/media?parent=1609"}],"curies":[{"name":"wp","href":"https:\/\/api.w.org\/{rel}","templated":true}]}}